{"id":8,"date":"2014-09-14T08:54:12","date_gmt":"2014-09-14T08:54:12","guid":{"rendered":"http:\/\/localhost\/final-leisure\/?page_id=2"},"modified":"2025-06-09T07:25:58","modified_gmt":"2025-06-09T05:25:58","slug":"sample-page-2","status":"publish","type":"page","link":"https:\/\/voyageraumontenegro.com\/","title":{"rendered":"Accueil"},"content":{"rendered":"<div class=\"wp-block-image\">\n<figure class=\"alignleft size-large is-resized\"><img loading=\"lazy\" decoding=\"async\" width=\"1024\" height=\"398\" src=\"https:\/\/voyageraumontenegro.com\/wp-content\/uploads\/2024\/10\/partner_logo-1.jpg-1-1024x398.jpg\" alt=\"\" class=\"wp-image-5666\" style=\"width:231px;height:auto\" srcset=\"https:\/\/voyageraumontenegro.com\/wp-content\/uploads\/2024\/10\/partner_logo-1.jpg-1-1024x398.jpg 1024w, https:\/\/voyageraumontenegro.com\/wp-content\/uploads\/2024\/10\/partner_logo-1.jpg-1-300x117.jpg 300w, https:\/\/voyageraumontenegro.com\/wp-content\/uploads\/2024\/10\/partner_logo-1.jpg-1-768x299.jpg 768w, https:\/\/voyageraumontenegro.com\/wp-content\/uploads\/2024\/10\/partner_logo-1.jpg-1-1536x597.jpg 1536w, https:\/\/voyageraumontenegro.com\/wp-content\/uploads\/2024\/10\/partner_logo-1.jpg-1-2048x796.jpg 2048w\" sizes=\"auto, (max-width: 1024px) 100vw, 1024px\" \/><\/figure>\n<\/div>\n\n\n<h1 class=\"wp-block-heading has-black-color has-text-color has-large-font-size\" style=\"font-style:normal;font-weight:500;text-transform:none\"><strong>L&rsquo;agence Voyager au Mont\u00e9n\u00e9gro<\/strong><\/h1>\n\n\n\n<h4 class=\"wp-block-heading\">Sa cr\u00e9ation date de 2018 par son directeur actuel, Sacha Kovijanic.<br>Elle est issue de la volont\u00e9 d&rsquo;un retour \u00ab\u00a0aux sources\u00a0\u00bb ainsi que de donner un nouvel \u00e9lan \u00e0 sa carri\u00e8re.<br>Le COVID 19 a ralenti cela, comme l&rsquo;ensemble du secteur du tourisme, mais riches d&rsquo;enseignements humains.<br>Depuis l&rsquo;agence est en croissance importante, d&rsquo;ann\u00e9e en ann\u00e9e, augmentant le nombre de voyageurs accueillis, son chiffre d&rsquo;affaires et sa rentabilit\u00e9.\u00a0<br><br>L&rsquo;agence est heureuse d&rsquo;annoncer que nous nous sommes engag\u00e9s dans le programme Travelife pour les tour-op\u00e9rateurs et les agents de voyage.<br>Travelife est un programme de formation, de gestion et de certification en mati\u00e8re de durabilit\u00e9 dans le tourisme, reconnu au niveau international et accr\u00e9dit\u00e9 par le GSTC-Global Sustainable<br>Tourism Council.<\/h4>\n","protected":false},"excerpt":{"rendered":"<p>L&rsquo;agence Voyager au Mont\u00e9n\u00e9gro Sa cr\u00e9ation date de 2018 par [&hellip;]<\/p>\n","protected":false},"author":1,"featured_media":0,"parent":0,"menu_order":0,"comment_status":"closed","ping_status":"closed","template":"","meta":{"footnotes":""},"class_list":["post-8","page","type-page","status-publish","hentry"],"yoast_head":"<!-- This site is optimized with the Yoast SEO plugin v26.7 - https:\/\/yoast.com\/wordpress\/plugins\/seo\/ -->\n<title>Accueil - Voyager au Mont\u00e9n\u00e9gro<\/title>\n<meta name=\"description\" content=\"L\u2019agence est pr\u00eate \u00e0 vous organiser votre s\u00e9jour sur mesure dans le pays, selon vos souhaits et attentes (h\u00e9bergements, activit\u00e9s, moyens de transport, ....).\" \/>\n<meta name=\"robots\" content=\"index, follow, max-snippet:-1, max-image-preview:large, max-video-preview:-1\" \/>\n<link rel=\"canonical\" href=\"https:\/\/voyageraumontenegro.com\/\" \/>\n<meta property=\"og:locale\" content=\"fr_FR\" \/>\n<meta property=\"og:type\" content=\"article\" \/>\n<meta property=\"og:title\" content=\"Accueil - Voyager au Mont\u00e9n\u00e9gro\" \/>\n<meta property=\"og:description\" content=\"L\u2019agence est pr\u00eate \u00e0 vous organiser votre s\u00e9jour sur mesure dans le pays, selon vos souhaits et attentes (h\u00e9bergements, activit\u00e9s, moyens de transport, ....).\" \/>\n<meta property=\"og:url\" content=\"https:\/\/voyageraumontenegro.com\/\" \/>\n<meta property=\"og:site_name\" content=\"Voyager au Mont\u00e9n\u00e9gro\" \/>\n<meta property=\"article:modified_time\" content=\"2025-06-09T05:25:58+00:00\" \/>\n<meta property=\"og:image\" content=\"https:\/\/voyageraumontenegro.com\/wp-content\/uploads\/2024\/10\/partner_logo-1.jpg-1.jpg\" \/>\n\t<meta property=\"og:image:width\" content=\"2127\" \/>\n\t<meta property=\"og:image:height\" content=\"827\" \/>\n\t<meta property=\"og:image:type\" content=\"image\/jpeg\" \/>\n<meta name=\"twitter:card\" content=\"summary_large_image\" \/>\n<meta name=\"twitter:label1\" content=\"Dur\u00e9e de lecture estim\u00e9e\" \/>\n\t<meta name=\"twitter:data1\" content=\"1 minute\" \/>\n<script type=\"application\/ld+json\" class=\"yoast-schema-graph\">{\"@context\":\"https:\/\/schema.org\",\"@graph\":[{\"@type\":\"WebPage\",\"@id\":\"https:\/\/voyageraumontenegro.com\/\",\"url\":\"https:\/\/voyageraumontenegro.com\/\",\"name\":\"Accueil - Voyager au Mont\u00e9n\u00e9gro\",\"isPartOf\":{\"@id\":\"https:\/\/voyageraumontenegro.com\/#website\"},\"primaryImageOfPage\":{\"@id\":\"https:\/\/voyageraumontenegro.com\/#primaryimage\"},\"image\":{\"@id\":\"https:\/\/voyageraumontenegro.com\/#primaryimage\"},\"thumbnailUrl\":\"https:\/\/voyageraumontenegro.com\/wp-content\/uploads\/2024\/10\/partner_logo-1.jpg-1-1024x398.jpg\",\"datePublished\":\"2014-09-14T08:54:12+00:00\",\"dateModified\":\"2025-06-09T05:25:58+00:00\",\"description\":\"L\u2019agence est pr\u00eate \u00e0 vous organiser votre s\u00e9jour sur mesure dans le pays, selon vos souhaits et attentes (h\u00e9bergements, activit\u00e9s, moyens de transport, ....).\",\"breadcrumb\":{\"@id\":\"https:\/\/voyageraumontenegro.com\/#breadcrumb\"},\"inLanguage\":\"fr-FR\",\"potentialAction\":[{\"@type\":\"ReadAction\",\"target\":[\"https:\/\/voyageraumontenegro.com\/\"]}]},{\"@type\":\"ImageObject\",\"inLanguage\":\"fr-FR\",\"@id\":\"https:\/\/voyageraumontenegro.com\/#primaryimage\",\"url\":\"https:\/\/voyageraumontenegro.com\/wp-content\/uploads\/2024\/10\/partner_logo-1.jpg-1.jpg\",\"contentUrl\":\"https:\/\/voyageraumontenegro.com\/wp-content\/uploads\/2024\/10\/partner_logo-1.jpg-1.jpg\",\"width\":2127,\"height\":827},{\"@type\":\"BreadcrumbList\",\"@id\":\"https:\/\/voyageraumontenegro.com\/#breadcrumb\",\"itemListElement\":[{\"@type\":\"ListItem\",\"position\":1,\"name\":\"Accueil\",\"item\":\"https:\/\/voyageraumontenegro.com\/\"},{\"@type\":\"ListItem\",\"position\":2,\"name\":\"Accueil\"}]},{\"@type\":\"WebSite\",\"@id\":\"https:\/\/voyageraumontenegro.com\/#website\",\"url\":\"https:\/\/voyageraumontenegro.com\/\",\"name\":\"Voyager au Mont\u00e9n\u00e9gro\",\"description\":\"L&#039;agence vous organisera des voyages sur mesure au Mont\u00e9n\u00e9gro, pour satisfaire ainsi vos souhaits et attentes dans le cadre de ce s\u00e9jour\",\"publisher\":{\"@id\":\"https:\/\/voyageraumontenegro.com\/#organization\"},\"potentialAction\":[{\"@type\":\"SearchAction\",\"target\":{\"@type\":\"EntryPoint\",\"urlTemplate\":\"https:\/\/voyageraumontenegro.com\/?s={search_term_string}\"},\"query-input\":{\"@type\":\"PropertyValueSpecification\",\"valueRequired\":true,\"valueName\":\"search_term_string\"}}],\"inLanguage\":\"fr-FR\"},{\"@type\":\"Organization\",\"@id\":\"https:\/\/voyageraumontenegro.com\/#organization\",\"name\":\"Voyager au Mont\u00e9n\u00e9gro\",\"alternateName\":\"Voyager au Mont\u00e9n\u00e9gro\",\"url\":\"https:\/\/voyageraumontenegro.com\/\",\"logo\":{\"@type\":\"ImageObject\",\"inLanguage\":\"fr-FR\",\"@id\":\"https:\/\/voyageraumontenegro.com\/#\/schema\/logo\/image\/\",\"url\":\"https:\/\/voyageraumontenegro.com\/wp-content\/uploads\/2019\/01\/cropped-Capture-e1547613257911.jpg\",\"contentUrl\":\"https:\/\/voyageraumontenegro.com\/wp-content\/uploads\/2019\/01\/cropped-Capture-e1547613257911.jpg\",\"width\":311,\"height\":250,\"caption\":\"Voyager au Mont\u00e9n\u00e9gro\"},\"image\":{\"@id\":\"https:\/\/voyageraumontenegro.com\/#\/schema\/logo\/image\/\"}}]}<\/script>\n<!-- \/ Yoast SEO plugin. -->","yoast_head_json":{"title":"Accueil - Voyager au Mont\u00e9n\u00e9gro","description":"L\u2019agence est pr\u00eate \u00e0 vous organiser votre s\u00e9jour sur mesure dans le pays, selon vos souhaits et attentes (h\u00e9bergements, activit\u00e9s, moyens de transport, ....).","robots":{"index":"index","follow":"follow","max-snippet":"max-snippet:-1","max-image-preview":"max-image-preview:large","max-video-preview":"max-video-preview:-1"},"canonical":"https:\/\/voyageraumontenegro.com\/","og_locale":"fr_FR","og_type":"article","og_title":"Accueil - Voyager au Mont\u00e9n\u00e9gro","og_description":"L\u2019agence est pr\u00eate \u00e0 vous organiser votre s\u00e9jour sur mesure dans le pays, selon vos souhaits et attentes (h\u00e9bergements, activit\u00e9s, moyens de transport, ....).","og_url":"https:\/\/voyageraumontenegro.com\/","og_site_name":"Voyager au Mont\u00e9n\u00e9gro","article_modified_time":"2025-06-09T05:25:58+00:00","og_image":[{"width":2127,"height":827,"url":"https:\/\/voyageraumontenegro.com\/wp-content\/uploads\/2024\/10\/partner_logo-1.jpg-1.jpg","type":"image\/jpeg"}],"twitter_card":"summary_large_image","twitter_misc":{"Dur\u00e9e de lecture estim\u00e9e":"1 minute"},"schema":{"@context":"https:\/\/schema.org","@graph":[{"@type":"WebPage","@id":"https:\/\/voyageraumontenegro.com\/","url":"https:\/\/voyageraumontenegro.com\/","name":"Accueil - Voyager au Mont\u00e9n\u00e9gro","isPartOf":{"@id":"https:\/\/voyageraumontenegro.com\/#website"},"primaryImageOfPage":{"@id":"https:\/\/voyageraumontenegro.com\/#primaryimage"},"image":{"@id":"https:\/\/voyageraumontenegro.com\/#primaryimage"},"thumbnailUrl":"https:\/\/voyageraumontenegro.com\/wp-content\/uploads\/2024\/10\/partner_logo-1.jpg-1-1024x398.jpg","datePublished":"2014-09-14T08:54:12+00:00","dateModified":"2025-06-09T05:25:58+00:00","description":"L\u2019agence est pr\u00eate \u00e0 vous organiser votre s\u00e9jour sur mesure dans le pays, selon vos souhaits et attentes (h\u00e9bergements, activit\u00e9s, moyens de transport, ....).","breadcrumb":{"@id":"https:\/\/voyageraumontenegro.com\/#breadcrumb"},"inLanguage":"fr-FR","potentialAction":[{"@type":"ReadAction","target":["https:\/\/voyageraumontenegro.com\/"]}]},{"@type":"ImageObject","inLanguage":"fr-FR","@id":"https:\/\/voyageraumontenegro.com\/#primaryimage","url":"https:\/\/voyageraumontenegro.com\/wp-content\/uploads\/2024\/10\/partner_logo-1.jpg-1.jpg","contentUrl":"https:\/\/voyageraumontenegro.com\/wp-content\/uploads\/2024\/10\/partner_logo-1.jpg-1.jpg","width":2127,"height":827},{"@type":"BreadcrumbList","@id":"https:\/\/voyageraumontenegro.com\/#breadcrumb","itemListElement":[{"@type":"ListItem","position":1,"name":"Accueil","item":"https:\/\/voyageraumontenegro.com\/"},{"@type":"ListItem","position":2,"name":"Accueil"}]},{"@type":"WebSite","@id":"https:\/\/voyageraumontenegro.com\/#website","url":"https:\/\/voyageraumontenegro.com\/","name":"Voyager au Mont\u00e9n\u00e9gro","description":"L&#039;agence vous organisera des voyages sur mesure au Mont\u00e9n\u00e9gro, pour satisfaire ainsi vos souhaits et attentes dans le cadre de ce s\u00e9jour","publisher":{"@id":"https:\/\/voyageraumontenegro.com\/#organization"},"potentialAction":[{"@type":"SearchAction","target":{"@type":"EntryPoint","urlTemplate":"https:\/\/voyageraumontenegro.com\/?s={search_term_string}"},"query-input":{"@type":"PropertyValueSpecification","valueRequired":true,"valueName":"search_term_string"}}],"inLanguage":"fr-FR"},{"@type":"Organization","@id":"https:\/\/voyageraumontenegro.com\/#organization","name":"Voyager au Mont\u00e9n\u00e9gro","alternateName":"Voyager au Mont\u00e9n\u00e9gro","url":"https:\/\/voyageraumontenegro.com\/","logo":{"@type":"ImageObject","inLanguage":"fr-FR","@id":"https:\/\/voyageraumontenegro.com\/#\/schema\/logo\/image\/","url":"https:\/\/voyageraumontenegro.com\/wp-content\/uploads\/2019\/01\/cropped-Capture-e1547613257911.jpg","contentUrl":"https:\/\/voyageraumontenegro.com\/wp-content\/uploads\/2019\/01\/cropped-Capture-e1547613257911.jpg","width":311,"height":250,"caption":"Voyager au Mont\u00e9n\u00e9gro"},"image":{"@id":"https:\/\/voyageraumontenegro.com\/#\/schema\/logo\/image\/"}}]}},"_links":{"self":[{"href":"https:\/\/voyageraumontenegro.com\/index.php?rest_route=\/wp\/v2\/pages\/8","targetHints":{"allow":["GET"]}}],"collection":[{"href":"https:\/\/voyageraumontenegro.com\/index.php?rest_route=\/wp\/v2\/pages"}],"about":[{"href":"https:\/\/voyageraumontenegro.com\/index.php?rest_route=\/wp\/v2\/types\/page"}],"author":[{"embeddable":true,"href":"https:\/\/voyageraumontenegro.com\/index.php?rest_route=\/wp\/v2\/users\/1"}],"replies":[{"embeddable":true,"href":"https:\/\/voyageraumontenegro.com\/index.php?rest_route=%2Fwp%2Fv2%2Fcomments&post=8"}],"version-history":[{"count":26,"href":"https:\/\/voyageraumontenegro.com\/index.php?rest_route=\/wp\/v2\/pages\/8\/revisions"}],"predecessor-version":[{"id":5681,"href":"https:\/\/voyageraumontenegro.com\/index.php?rest_route=\/wp\/v2\/pages\/8\/revisions\/5681"}],"wp:attachment":[{"href":"https:\/\/voyageraumontenegro.com\/index.php?rest_route=%2Fwp%2Fv2%2Fmedia&parent=8"}],"curies":[{"name":"wp","href":"https:\/\/api.w.org\/{rel}","templated":true}]}}