{"id":5712,"date":"2026-01-10T11:51:29","date_gmt":"2026-01-10T10:51:29","guid":{"rendered":"https:\/\/voyageraumontenegro.com\/?page_id=5712"},"modified":"2026-01-10T11:51:30","modified_gmt":"2026-01-10T10:51:30","slug":"raison-4-de-linvestissement-au-montenegro","status":"publish","type":"page","link":"https:\/\/voyageraumontenegro.com\/?page_id=5712","title":{"rendered":"Raison 4 de l&rsquo;investissement au Mont\u00e9n\u00e9gro"},"content":{"rendered":"\n<p><strong>4. D\u00e9veloppement touristique important (location saisonni\u00e8re ou pour investissement en r\u00e9sidence secondaire) :<br><\/strong><\/p>\n\n\n\n<p>La part du tourisme dans le PIB du Mont\u00e9n\u00e9gro repr\u00e9sente actuellement pr\u00e8s de 25% et l\u2019Etat souhaite la porter \u00e0 hauteur de 30% dans les 5 ann\u00e9es \u00e0 venir. Cela ne peut se faire qu\u2019au travers d\u2019investissements massifs \u00e9trangers pour d\u00e9velopper cet aspect et cet attrait.<br><br>Le PIB du Mont\u00e9n\u00e9gro, en 2024, est estim\u00e9 \u00e0 7,5 milliards d\u2019euros et les investissements annonc\u00e9s pour la m\u00eame ann\u00e9e ont \u00e9t\u00e9 de 0,8 milliards, soit presque 10% du PIB en investissements (et un total de 6.5 milliards sur les 5 derni\u00e8res ann\u00e9es).<br><br>En 2023, les chiffres du nombre de touristes \u00e9tant venus au Mont\u00e9n\u00e9gro ont d\u00e9pass\u00e9 ceux de 2019 et se maintiennent depuis au dessus de la derni\u00e8re ann\u00e9e pr\u00e9-Covid, avec 2,5 millions de personnes, soit plus de 4 fois la population du pays (quasi identique aux chiffres de la Croatie mais qui est bien plus connue et bien plus grande que le Mont\u00e9n\u00e9gro).<br><br>Ces diff\u00e9rents \u00e9l\u00e9ments chiffr\u00e9s ainsi que l\u2019implantation de cha\u00eenes h\u00f4teli\u00e8res internationales (One &amp; Only, Hyatt, Iberostar, Hilton, \u2026) favorisent l\u2019expansion touristique et la demande croissante de biens \u00e0 la location saisonni\u00e8re (plus haut de gamme du fait d\u2019une client\u00e8le internationale de plus en plus importante).<\/p>\n\n\n\n<p><\/p>\n\n\n\n<p><\/p>\n\n\n\n<p><a href=\"https:\/\/voyageraumontenegro.com\/?page_id=5695\">Revenir \u00e0 la page des 7 raisons d&rsquo;investir au Mont\u00e9n\u00e9gro.<\/a><\/p>\n","protected":false},"excerpt":{"rendered":"<p>4. D\u00e9veloppement touristique important (location saisonni\u00e8re ou pour investissement en [&hellip;]<\/p>\n","protected":false},"author":1,"featured_media":0,"parent":0,"menu_order":0,"comment_status":"closed","ping_status":"closed","template":"","meta":{"footnotes":""},"class_list":["post-5712","page","type-page","status-publish","hentry"],"yoast_head":"<!-- This site is optimized with the Yoast SEO plugin v26.7 - https:\/\/yoast.com\/wordpress\/plugins\/seo\/ -->\n<title>Raison 4 de l&#039;investissement au Mont\u00e9n\u00e9gro - Voyager au Mont\u00e9n\u00e9gro<\/title>\n<meta name=\"description\" content=\"Cr\u00e9e en d\u00e9but d\u2019ann\u00e9e 2018, l\u2019agence est pr\u00eate \u00e0 vous organiser votre s\u00e9jour sur mesure dans le pays, selon vos souhaits et attentes (h\u00e9bergements, activit\u00e9s, moyens de transport, ....).\" \/>\n<meta name=\"robots\" content=\"index, follow, max-snippet:-1, max-image-preview:large, max-video-preview:-1\" \/>\n<link rel=\"canonical\" href=\"https:\/\/voyageraumontenegro.com\/?page_id=5712\" \/>\n<meta property=\"og:locale\" content=\"fr_FR\" \/>\n<meta property=\"og:type\" content=\"article\" \/>\n<meta property=\"og:title\" content=\"Raison 4 de l&#039;investissement au Mont\u00e9n\u00e9gro - Voyager au Mont\u00e9n\u00e9gro\" \/>\n<meta property=\"og:description\" content=\"Cr\u00e9e en d\u00e9but d\u2019ann\u00e9e 2018, l\u2019agence est pr\u00eate \u00e0 vous organiser votre s\u00e9jour sur mesure dans le pays, selon vos souhaits et attentes (h\u00e9bergements, activit\u00e9s, moyens de transport, ....).\" \/>\n<meta property=\"og:url\" content=\"https:\/\/voyageraumontenegro.com\/?page_id=5712\" \/>\n<meta property=\"og:site_name\" content=\"Voyager au Mont\u00e9n\u00e9gro\" \/>\n<meta property=\"article:modified_time\" content=\"2026-01-10T10:51:30+00:00\" \/>\n<meta name=\"twitter:card\" content=\"summary_large_image\" \/>\n<meta name=\"twitter:label1\" content=\"Dur\u00e9e de lecture estim\u00e9e\" \/>\n\t<meta name=\"twitter:data1\" content=\"2 minutes\" \/>\n<script type=\"application\/ld+json\" class=\"yoast-schema-graph\">{\"@context\":\"https:\/\/schema.org\",\"@graph\":[{\"@type\":\"WebPage\",\"@id\":\"https:\/\/voyageraumontenegro.com\/?page_id=5712\",\"url\":\"https:\/\/voyageraumontenegro.com\/?page_id=5712\",\"name\":\"Raison 4 de l'investissement au Mont\u00e9n\u00e9gro - Voyager au Mont\u00e9n\u00e9gro\",\"isPartOf\":{\"@id\":\"https:\/\/voyageraumontenegro.com\/#website\"},\"datePublished\":\"2026-01-10T10:51:29+00:00\",\"dateModified\":\"2026-01-10T10:51:30+00:00\",\"description\":\"Cr\u00e9e en d\u00e9but d\u2019ann\u00e9e 2018, l\u2019agence est pr\u00eate \u00e0 vous organiser votre s\u00e9jour sur mesure dans le pays, selon vos souhaits et attentes (h\u00e9bergements, activit\u00e9s, moyens de transport, ....).\",\"breadcrumb\":{\"@id\":\"https:\/\/voyageraumontenegro.com\/?page_id=5712#breadcrumb\"},\"inLanguage\":\"fr-FR\",\"potentialAction\":[{\"@type\":\"ReadAction\",\"target\":[\"https:\/\/voyageraumontenegro.com\/?page_id=5712\"]}]},{\"@type\":\"BreadcrumbList\",\"@id\":\"https:\/\/voyageraumontenegro.com\/?page_id=5712#breadcrumb\",\"itemListElement\":[{\"@type\":\"ListItem\",\"position\":1,\"name\":\"Accueil\",\"item\":\"https:\/\/voyageraumontenegro.com\/\"},{\"@type\":\"ListItem\",\"position\":2,\"name\":\"Raison 4 de l&rsquo;investissement au Mont\u00e9n\u00e9gro\"}]},{\"@type\":\"WebSite\",\"@id\":\"https:\/\/voyageraumontenegro.com\/#website\",\"url\":\"https:\/\/voyageraumontenegro.com\/\",\"name\":\"Voyager au Mont\u00e9n\u00e9gro\",\"description\":\"L&#039;agence vous organisera des voyages sur mesure au Mont\u00e9n\u00e9gro, pour satisfaire ainsi vos souhaits et attentes dans le cadre de ce s\u00e9jour\",\"publisher\":{\"@id\":\"https:\/\/voyageraumontenegro.com\/#organization\"},\"potentialAction\":[{\"@type\":\"SearchAction\",\"target\":{\"@type\":\"EntryPoint\",\"urlTemplate\":\"https:\/\/voyageraumontenegro.com\/?s={search_term_string}\"},\"query-input\":{\"@type\":\"PropertyValueSpecification\",\"valueRequired\":true,\"valueName\":\"search_term_string\"}}],\"inLanguage\":\"fr-FR\"},{\"@type\":\"Organization\",\"@id\":\"https:\/\/voyageraumontenegro.com\/#organization\",\"name\":\"Voyager au Mont\u00e9n\u00e9gro\",\"alternateName\":\"Voyager au Mont\u00e9n\u00e9gro\",\"url\":\"https:\/\/voyageraumontenegro.com\/\",\"logo\":{\"@type\":\"ImageObject\",\"inLanguage\":\"fr-FR\",\"@id\":\"https:\/\/voyageraumontenegro.com\/#\/schema\/logo\/image\/\",\"url\":\"https:\/\/voyageraumontenegro.com\/wp-content\/uploads\/2019\/01\/cropped-Capture-e1547613257911.jpg\",\"contentUrl\":\"https:\/\/voyageraumontenegro.com\/wp-content\/uploads\/2019\/01\/cropped-Capture-e1547613257911.jpg\",\"width\":311,\"height\":250,\"caption\":\"Voyager au Mont\u00e9n\u00e9gro\"},\"image\":{\"@id\":\"https:\/\/voyageraumontenegro.com\/#\/schema\/logo\/image\/\"}}]}<\/script>\n<!-- \/ Yoast SEO plugin. -->","yoast_head_json":{"title":"Raison 4 de l'investissement au Mont\u00e9n\u00e9gro - Voyager au Mont\u00e9n\u00e9gro","description":"Cr\u00e9e en d\u00e9but d\u2019ann\u00e9e 2018, l\u2019agence est pr\u00eate \u00e0 vous organiser votre s\u00e9jour sur mesure dans le pays, selon vos souhaits et attentes (h\u00e9bergements, activit\u00e9s, moyens de transport, ....).","robots":{"index":"index","follow":"follow","max-snippet":"max-snippet:-1","max-image-preview":"max-image-preview:large","max-video-preview":"max-video-preview:-1"},"canonical":"https:\/\/voyageraumontenegro.com\/?page_id=5712","og_locale":"fr_FR","og_type":"article","og_title":"Raison 4 de l'investissement au Mont\u00e9n\u00e9gro - Voyager au Mont\u00e9n\u00e9gro","og_description":"Cr\u00e9e en d\u00e9but d\u2019ann\u00e9e 2018, l\u2019agence est pr\u00eate \u00e0 vous organiser votre s\u00e9jour sur mesure dans le pays, selon vos souhaits et attentes (h\u00e9bergements, activit\u00e9s, moyens de transport, ....).","og_url":"https:\/\/voyageraumontenegro.com\/?page_id=5712","og_site_name":"Voyager au Mont\u00e9n\u00e9gro","article_modified_time":"2026-01-10T10:51:30+00:00","twitter_card":"summary_large_image","twitter_misc":{"Dur\u00e9e de lecture estim\u00e9e":"2 minutes"},"schema":{"@context":"https:\/\/schema.org","@graph":[{"@type":"WebPage","@id":"https:\/\/voyageraumontenegro.com\/?page_id=5712","url":"https:\/\/voyageraumontenegro.com\/?page_id=5712","name":"Raison 4 de l'investissement au Mont\u00e9n\u00e9gro - Voyager au Mont\u00e9n\u00e9gro","isPartOf":{"@id":"https:\/\/voyageraumontenegro.com\/#website"},"datePublished":"2026-01-10T10:51:29+00:00","dateModified":"2026-01-10T10:51:30+00:00","description":"Cr\u00e9e en d\u00e9but d\u2019ann\u00e9e 2018, l\u2019agence est pr\u00eate \u00e0 vous organiser votre s\u00e9jour sur mesure dans le pays, selon vos souhaits et attentes (h\u00e9bergements, activit\u00e9s, moyens de transport, ....).","breadcrumb":{"@id":"https:\/\/voyageraumontenegro.com\/?page_id=5712#breadcrumb"},"inLanguage":"fr-FR","potentialAction":[{"@type":"ReadAction","target":["https:\/\/voyageraumontenegro.com\/?page_id=5712"]}]},{"@type":"BreadcrumbList","@id":"https:\/\/voyageraumontenegro.com\/?page_id=5712#breadcrumb","itemListElement":[{"@type":"ListItem","position":1,"name":"Accueil","item":"https:\/\/voyageraumontenegro.com\/"},{"@type":"ListItem","position":2,"name":"Raison 4 de l&rsquo;investissement au Mont\u00e9n\u00e9gro"}]},{"@type":"WebSite","@id":"https:\/\/voyageraumontenegro.com\/#website","url":"https:\/\/voyageraumontenegro.com\/","name":"Voyager au Mont\u00e9n\u00e9gro","description":"L&#039;agence vous organisera des voyages sur mesure au Mont\u00e9n\u00e9gro, pour satisfaire ainsi vos souhaits et attentes dans le cadre de ce s\u00e9jour","publisher":{"@id":"https:\/\/voyageraumontenegro.com\/#organization"},"potentialAction":[{"@type":"SearchAction","target":{"@type":"EntryPoint","urlTemplate":"https:\/\/voyageraumontenegro.com\/?s={search_term_string}"},"query-input":{"@type":"PropertyValueSpecification","valueRequired":true,"valueName":"search_term_string"}}],"inLanguage":"fr-FR"},{"@type":"Organization","@id":"https:\/\/voyageraumontenegro.com\/#organization","name":"Voyager au Mont\u00e9n\u00e9gro","alternateName":"Voyager au Mont\u00e9n\u00e9gro","url":"https:\/\/voyageraumontenegro.com\/","logo":{"@type":"ImageObject","inLanguage":"fr-FR","@id":"https:\/\/voyageraumontenegro.com\/#\/schema\/logo\/image\/","url":"https:\/\/voyageraumontenegro.com\/wp-content\/uploads\/2019\/01\/cropped-Capture-e1547613257911.jpg","contentUrl":"https:\/\/voyageraumontenegro.com\/wp-content\/uploads\/2019\/01\/cropped-Capture-e1547613257911.jpg","width":311,"height":250,"caption":"Voyager au Mont\u00e9n\u00e9gro"},"image":{"@id":"https:\/\/voyageraumontenegro.com\/#\/schema\/logo\/image\/"}}]}},"_links":{"self":[{"href":"https:\/\/voyageraumontenegro.com\/index.php?rest_route=\/wp\/v2\/pages\/5712","targetHints":{"allow":["GET"]}}],"collection":[{"href":"https:\/\/voyageraumontenegro.com\/index.php?rest_route=\/wp\/v2\/pages"}],"about":[{"href":"https:\/\/voyageraumontenegro.com\/index.php?rest_route=\/wp\/v2\/types\/page"}],"author":[{"embeddable":true,"href":"https:\/\/voyageraumontenegro.com\/index.php?rest_route=\/wp\/v2\/users\/1"}],"replies":[{"embeddable":true,"href":"https:\/\/voyageraumontenegro.com\/index.php?rest_route=%2Fwp%2Fv2%2Fcomments&post=5712"}],"version-history":[{"count":3,"href":"https:\/\/voyageraumontenegro.com\/index.php?rest_route=\/wp\/v2\/pages\/5712\/revisions"}],"predecessor-version":[{"id":5726,"href":"https:\/\/voyageraumontenegro.com\/index.php?rest_route=\/wp\/v2\/pages\/5712\/revisions\/5726"}],"wp:attachment":[{"href":"https:\/\/voyageraumontenegro.com\/index.php?rest_route=%2Fwp%2Fv2%2Fmedia&parent=5712"}],"curies":[{"name":"wp","href":"https:\/\/api.w.org\/{rel}","templated":true}]}}