{"id":5707,"date":"2026-01-10T11:56:09","date_gmt":"2026-01-10T10:56:09","guid":{"rendered":"https:\/\/voyageraumontenegro.com\/?page_id=5707"},"modified":"2026-01-10T11:56:10","modified_gmt":"2026-01-10T10:56:10","slug":"raison-3-de-linvestissement-au-montenegro","status":"publish","type":"page","link":"https:\/\/voyageraumontenegro.com\/?page_id=5707","title":{"rendered":"Raison 3 de l&rsquo;investissement au Mont\u00e9n\u00e9gro"},"content":{"rendered":"\n<p><strong>3. Potentiel de croissance et de gains pour les investisseurs :<br><\/strong><\/p>\n\n\n\n<p>Le Mont\u00e9n\u00e9gro, du fait de sa situation g\u00e9ographique et coupl\u00e9 au fait que le Covid a chang\u00e9 la mani\u00e8re de voyager (moins loin), est en train de devenir une destination touristique de plus en plus populaire en Europe, comme l\u2019\u00e9tait la Croatie \u00e0 une certaine \u00e9poque (il y a une vingtaine-trentaine d\u2019ann\u00e9es).<br><br>Avec ses magnifiques paysages, ses plages pr\u00e9serv\u00e9es et son patrimoine culturel riche, le pays attire de plus en plus de visiteurs chaque ann\u00e9e. Cela cr\u00e9e une demande croissante pour les locations et les propri\u00e9t\u00e9s de vacances, ce qui peut entra\u00eener une appr\u00e9ciation significative de la valeur des biens immobiliers, en compl\u00e9ment d\u2019une meilleure rentabilit\u00e9 qu\u2019en France.<br><br>Le pays \u00e9tant phase d\u2019adh\u00e9sion \u00e0 l\u2019UE, cela est un pouvoir d\u2019attrait plus important pour ceux qui souhaitent investir et faire une meilleure plus-value \u00e0 la sortie (\u00e0 comparer au ph\u00e9nom\u00e8ne de l\u2019augmentation des prix de l\u2019immobilier dans chaque nouveau pays entrant dans l\u2019UE).<br>Cela peut permettre des plus-values de cession \u00e0 l\u2019avenir (taxation sur d\u00e9tention de moins de 3 ans : 15%, entre 3 et 5 ans : 9% et au-del\u00e0 de 5 ans : 3%).<\/p>\n\n\n\n<p><\/p>\n\n\n\n<p><\/p>\n\n\n\n<p><a href=\"https:\/\/voyageraumontenegro.com\/?page_id=5695\">Revenir \u00e0 la page des 7 raisons d&rsquo;investir au Mont\u00e9n\u00e9gro.<\/a><\/p>\n","protected":false},"excerpt":{"rendered":"<p>3. Potentiel de croissance et de gains pour les investisseurs [&hellip;]<\/p>\n","protected":false},"author":1,"featured_media":0,"parent":0,"menu_order":0,"comment_status":"closed","ping_status":"closed","template":"","meta":{"footnotes":""},"class_list":["post-5707","page","type-page","status-publish","hentry"],"yoast_head":"<!-- This site is optimized with the Yoast SEO plugin v26.7 - https:\/\/yoast.com\/wordpress\/plugins\/seo\/ -->\n<title>Raison 3 de l&#039;investissement au Mont\u00e9n\u00e9gro - Voyager au Mont\u00e9n\u00e9gro<\/title>\n<meta name=\"description\" content=\"Cr\u00e9e en d\u00e9but d\u2019ann\u00e9e 2018, l\u2019agence est pr\u00eate \u00e0 vous organiser votre s\u00e9jour sur mesure dans le pays, selon vos souhaits et attentes (h\u00e9bergements, activit\u00e9s, moyens de transport, ....).\" \/>\n<meta name=\"robots\" content=\"index, follow, max-snippet:-1, max-image-preview:large, max-video-preview:-1\" \/>\n<link rel=\"canonical\" href=\"https:\/\/voyageraumontenegro.com\/?page_id=5707\" \/>\n<meta property=\"og:locale\" content=\"fr_FR\" \/>\n<meta property=\"og:type\" content=\"article\" \/>\n<meta property=\"og:title\" content=\"Raison 3 de l&#039;investissement au Mont\u00e9n\u00e9gro - Voyager au Mont\u00e9n\u00e9gro\" \/>\n<meta property=\"og:description\" content=\"Cr\u00e9e en d\u00e9but d\u2019ann\u00e9e 2018, l\u2019agence est pr\u00eate \u00e0 vous organiser votre s\u00e9jour sur mesure dans le pays, selon vos souhaits et attentes (h\u00e9bergements, activit\u00e9s, moyens de transport, ....).\" \/>\n<meta property=\"og:url\" content=\"https:\/\/voyageraumontenegro.com\/?page_id=5707\" \/>\n<meta property=\"og:site_name\" content=\"Voyager au Mont\u00e9n\u00e9gro\" \/>\n<meta property=\"article:modified_time\" content=\"2026-01-10T10:56:10+00:00\" \/>\n<meta name=\"twitter:card\" content=\"summary_large_image\" \/>\n<meta name=\"twitter:label1\" content=\"Dur\u00e9e de lecture estim\u00e9e\" \/>\n\t<meta name=\"twitter:data1\" content=\"2 minutes\" \/>\n<script type=\"application\/ld+json\" class=\"yoast-schema-graph\">{\"@context\":\"https:\/\/schema.org\",\"@graph\":[{\"@type\":\"WebPage\",\"@id\":\"https:\/\/voyageraumontenegro.com\/?page_id=5707\",\"url\":\"https:\/\/voyageraumontenegro.com\/?page_id=5707\",\"name\":\"Raison 3 de l'investissement au Mont\u00e9n\u00e9gro - Voyager au Mont\u00e9n\u00e9gro\",\"isPartOf\":{\"@id\":\"https:\/\/voyageraumontenegro.com\/#website\"},\"datePublished\":\"2026-01-10T10:56:09+00:00\",\"dateModified\":\"2026-01-10T10:56:10+00:00\",\"description\":\"Cr\u00e9e en d\u00e9but d\u2019ann\u00e9e 2018, l\u2019agence est pr\u00eate \u00e0 vous organiser votre s\u00e9jour sur mesure dans le pays, selon vos souhaits et attentes (h\u00e9bergements, activit\u00e9s, moyens de transport, ....).\",\"breadcrumb\":{\"@id\":\"https:\/\/voyageraumontenegro.com\/?page_id=5707#breadcrumb\"},\"inLanguage\":\"fr-FR\",\"potentialAction\":[{\"@type\":\"ReadAction\",\"target\":[\"https:\/\/voyageraumontenegro.com\/?page_id=5707\"]}]},{\"@type\":\"BreadcrumbList\",\"@id\":\"https:\/\/voyageraumontenegro.com\/?page_id=5707#breadcrumb\",\"itemListElement\":[{\"@type\":\"ListItem\",\"position\":1,\"name\":\"Accueil\",\"item\":\"https:\/\/voyageraumontenegro.com\/\"},{\"@type\":\"ListItem\",\"position\":2,\"name\":\"Raison 3 de l&rsquo;investissement au Mont\u00e9n\u00e9gro\"}]},{\"@type\":\"WebSite\",\"@id\":\"https:\/\/voyageraumontenegro.com\/#website\",\"url\":\"https:\/\/voyageraumontenegro.com\/\",\"name\":\"Voyager au Mont\u00e9n\u00e9gro\",\"description\":\"L&#039;agence vous organisera des voyages sur mesure au Mont\u00e9n\u00e9gro, pour satisfaire ainsi vos souhaits et attentes dans le cadre de ce s\u00e9jour\",\"publisher\":{\"@id\":\"https:\/\/voyageraumontenegro.com\/#organization\"},\"potentialAction\":[{\"@type\":\"SearchAction\",\"target\":{\"@type\":\"EntryPoint\",\"urlTemplate\":\"https:\/\/voyageraumontenegro.com\/?s={search_term_string}\"},\"query-input\":{\"@type\":\"PropertyValueSpecification\",\"valueRequired\":true,\"valueName\":\"search_term_string\"}}],\"inLanguage\":\"fr-FR\"},{\"@type\":\"Organization\",\"@id\":\"https:\/\/voyageraumontenegro.com\/#organization\",\"name\":\"Voyager au Mont\u00e9n\u00e9gro\",\"alternateName\":\"Voyager au Mont\u00e9n\u00e9gro\",\"url\":\"https:\/\/voyageraumontenegro.com\/\",\"logo\":{\"@type\":\"ImageObject\",\"inLanguage\":\"fr-FR\",\"@id\":\"https:\/\/voyageraumontenegro.com\/#\/schema\/logo\/image\/\",\"url\":\"https:\/\/voyageraumontenegro.com\/wp-content\/uploads\/2019\/01\/cropped-Capture-e1547613257911.jpg\",\"contentUrl\":\"https:\/\/voyageraumontenegro.com\/wp-content\/uploads\/2019\/01\/cropped-Capture-e1547613257911.jpg\",\"width\":311,\"height\":250,\"caption\":\"Voyager au Mont\u00e9n\u00e9gro\"},\"image\":{\"@id\":\"https:\/\/voyageraumontenegro.com\/#\/schema\/logo\/image\/\"}}]}<\/script>\n<!-- \/ Yoast SEO plugin. -->","yoast_head_json":{"title":"Raison 3 de l'investissement au Mont\u00e9n\u00e9gro - Voyager au Mont\u00e9n\u00e9gro","description":"Cr\u00e9e en d\u00e9but d\u2019ann\u00e9e 2018, l\u2019agence est pr\u00eate \u00e0 vous organiser votre s\u00e9jour sur mesure dans le pays, selon vos souhaits et attentes (h\u00e9bergements, activit\u00e9s, moyens de transport, ....).","robots":{"index":"index","follow":"follow","max-snippet":"max-snippet:-1","max-image-preview":"max-image-preview:large","max-video-preview":"max-video-preview:-1"},"canonical":"https:\/\/voyageraumontenegro.com\/?page_id=5707","og_locale":"fr_FR","og_type":"article","og_title":"Raison 3 de l'investissement au Mont\u00e9n\u00e9gro - Voyager au Mont\u00e9n\u00e9gro","og_description":"Cr\u00e9e en d\u00e9but d\u2019ann\u00e9e 2018, l\u2019agence est pr\u00eate \u00e0 vous organiser votre s\u00e9jour sur mesure dans le pays, selon vos souhaits et attentes (h\u00e9bergements, activit\u00e9s, moyens de transport, ....).","og_url":"https:\/\/voyageraumontenegro.com\/?page_id=5707","og_site_name":"Voyager au Mont\u00e9n\u00e9gro","article_modified_time":"2026-01-10T10:56:10+00:00","twitter_card":"summary_large_image","twitter_misc":{"Dur\u00e9e de lecture estim\u00e9e":"2 minutes"},"schema":{"@context":"https:\/\/schema.org","@graph":[{"@type":"WebPage","@id":"https:\/\/voyageraumontenegro.com\/?page_id=5707","url":"https:\/\/voyageraumontenegro.com\/?page_id=5707","name":"Raison 3 de l'investissement au Mont\u00e9n\u00e9gro - Voyager au Mont\u00e9n\u00e9gro","isPartOf":{"@id":"https:\/\/voyageraumontenegro.com\/#website"},"datePublished":"2026-01-10T10:56:09+00:00","dateModified":"2026-01-10T10:56:10+00:00","description":"Cr\u00e9e en d\u00e9but d\u2019ann\u00e9e 2018, l\u2019agence est pr\u00eate \u00e0 vous organiser votre s\u00e9jour sur mesure dans le pays, selon vos souhaits et attentes (h\u00e9bergements, activit\u00e9s, moyens de transport, ....).","breadcrumb":{"@id":"https:\/\/voyageraumontenegro.com\/?page_id=5707#breadcrumb"},"inLanguage":"fr-FR","potentialAction":[{"@type":"ReadAction","target":["https:\/\/voyageraumontenegro.com\/?page_id=5707"]}]},{"@type":"BreadcrumbList","@id":"https:\/\/voyageraumontenegro.com\/?page_id=5707#breadcrumb","itemListElement":[{"@type":"ListItem","position":1,"name":"Accueil","item":"https:\/\/voyageraumontenegro.com\/"},{"@type":"ListItem","position":2,"name":"Raison 3 de l&rsquo;investissement au Mont\u00e9n\u00e9gro"}]},{"@type":"WebSite","@id":"https:\/\/voyageraumontenegro.com\/#website","url":"https:\/\/voyageraumontenegro.com\/","name":"Voyager au Mont\u00e9n\u00e9gro","description":"L&#039;agence vous organisera des voyages sur mesure au Mont\u00e9n\u00e9gro, pour satisfaire ainsi vos souhaits et attentes dans le cadre de ce s\u00e9jour","publisher":{"@id":"https:\/\/voyageraumontenegro.com\/#organization"},"potentialAction":[{"@type":"SearchAction","target":{"@type":"EntryPoint","urlTemplate":"https:\/\/voyageraumontenegro.com\/?s={search_term_string}"},"query-input":{"@type":"PropertyValueSpecification","valueRequired":true,"valueName":"search_term_string"}}],"inLanguage":"fr-FR"},{"@type":"Organization","@id":"https:\/\/voyageraumontenegro.com\/#organization","name":"Voyager au Mont\u00e9n\u00e9gro","alternateName":"Voyager au Mont\u00e9n\u00e9gro","url":"https:\/\/voyageraumontenegro.com\/","logo":{"@type":"ImageObject","inLanguage":"fr-FR","@id":"https:\/\/voyageraumontenegro.com\/#\/schema\/logo\/image\/","url":"https:\/\/voyageraumontenegro.com\/wp-content\/uploads\/2019\/01\/cropped-Capture-e1547613257911.jpg","contentUrl":"https:\/\/voyageraumontenegro.com\/wp-content\/uploads\/2019\/01\/cropped-Capture-e1547613257911.jpg","width":311,"height":250,"caption":"Voyager au Mont\u00e9n\u00e9gro"},"image":{"@id":"https:\/\/voyageraumontenegro.com\/#\/schema\/logo\/image\/"}}]}},"_links":{"self":[{"href":"https:\/\/voyageraumontenegro.com\/index.php?rest_route=\/wp\/v2\/pages\/5707","targetHints":{"allow":["GET"]}}],"collection":[{"href":"https:\/\/voyageraumontenegro.com\/index.php?rest_route=\/wp\/v2\/pages"}],"about":[{"href":"https:\/\/voyageraumontenegro.com\/index.php?rest_route=\/wp\/v2\/types\/page"}],"author":[{"embeddable":true,"href":"https:\/\/voyageraumontenegro.com\/index.php?rest_route=\/wp\/v2\/users\/1"}],"replies":[{"embeddable":true,"href":"https:\/\/voyageraumontenegro.com\/index.php?rest_route=%2Fwp%2Fv2%2Fcomments&post=5707"}],"version-history":[{"count":3,"href":"https:\/\/voyageraumontenegro.com\/index.php?rest_route=\/wp\/v2\/pages\/5707\/revisions"}],"predecessor-version":[{"id":5727,"href":"https:\/\/voyageraumontenegro.com\/index.php?rest_route=\/wp\/v2\/pages\/5707\/revisions\/5727"}],"wp:attachment":[{"href":"https:\/\/voyageraumontenegro.com\/index.php?rest_route=%2Fwp%2Fv2%2Fmedia&parent=5707"}],"curies":[{"name":"wp","href":"https:\/\/api.w.org\/{rel}","templated":true}]}}