{"id":5699,"date":"2026-01-10T10:52:51","date_gmt":"2026-01-10T09:52:51","guid":{"rendered":"https:\/\/voyageraumontenegro.com\/?page_id=5699"},"modified":"2026-01-10T10:59:34","modified_gmt":"2026-01-10T09:59:34","slug":"raison-1-de-linvestissement-au-montenegro","status":"publish","type":"page","link":"https:\/\/voyageraumontenegro.com\/?page_id=5699","title":{"rendered":"Raison 1 de l&rsquo;investissement au Mont\u00e9n\u00e9gro"},"content":{"rendered":"\n<p><strong>1. Prix plus abordables  :<br><\/strong><\/p>\n\n\n\n<p>Les prix de l&rsquo;immobilier au Mont\u00e9n\u00e9gro sont g\u00e9n\u00e9ralement plus bas que ceux en France.<\/p>\n\n\n\n<p>Cela signifie que les investisseurs peuvent obtenir des propri\u00e9t\u00e9s de haute qualit\u00e9 \u00e0 un co\u00fbt moindre, ce qui peut augmenter leur potentiel de rendement sur investissement.<br><br>En moyenne, le retour sur investissement locatif est beaucoup plus court qu\u2019en France (on est sur 8 \u00e0 10 ans alors qu\u2019en France, on est plus sur 15 \u00e0 20 ans), pour des raisons de fiscalit\u00e9 et de taxations des revenus locatifs plus bas qu\u2019en France.<br><br>Le prix est un \u00e9l\u00e9ment mais les emplacements uniques accessibles \u00e0 l\u2019achat, pieds dans l\u2019eau avec acc\u00e8s directs \u00e0 la mer ou bien avec vue mer, sont \u00e0 des prix que vous ne pourrez retrouver en France.<\/p>\n\n\n\n<p><\/p>\n\n\n\n<p><\/p>\n\n\n\n<p><a href=\"https:\/\/voyageraumontenegro.com\/?page_id=5695\">Revenir \u00e0 la page des 7 raisons d&rsquo;investir au Mont\u00e9n\u00e9gro.<\/a><\/p>\n","protected":false},"excerpt":{"rendered":"<p>1. Prix plus abordables : Les prix de l&rsquo;immobilier au [&hellip;]<\/p>\n","protected":false},"author":1,"featured_media":0,"parent":0,"menu_order":0,"comment_status":"closed","ping_status":"closed","template":"","meta":{"footnotes":""},"class_list":["post-5699","page","type-page","status-publish","hentry"],"yoast_head":"<!-- This site is optimized with the Yoast SEO plugin v26.7 - https:\/\/yoast.com\/wordpress\/plugins\/seo\/ -->\n<title>Raison 1 de l&#039;investissement au Mont\u00e9n\u00e9gro - Voyager au Mont\u00e9n\u00e9gro<\/title>\n<meta name=\"description\" content=\"Cr\u00e9e en d\u00e9but d\u2019ann\u00e9e 2018, l\u2019agence est pr\u00eate \u00e0 vous organiser votre s\u00e9jour sur mesure dans le pays, selon vos souhaits et attentes (h\u00e9bergements, activit\u00e9s, moyens de transport, ....).\" \/>\n<meta name=\"robots\" content=\"index, follow, max-snippet:-1, max-image-preview:large, max-video-preview:-1\" \/>\n<link rel=\"canonical\" href=\"https:\/\/voyageraumontenegro.com\/?page_id=5699\" \/>\n<meta property=\"og:locale\" content=\"fr_FR\" \/>\n<meta property=\"og:type\" content=\"article\" \/>\n<meta property=\"og:title\" content=\"Raison 1 de l&#039;investissement au Mont\u00e9n\u00e9gro - Voyager au Mont\u00e9n\u00e9gro\" \/>\n<meta property=\"og:description\" content=\"Cr\u00e9e en d\u00e9but d\u2019ann\u00e9e 2018, l\u2019agence est pr\u00eate \u00e0 vous organiser votre s\u00e9jour sur mesure dans le pays, selon vos souhaits et attentes (h\u00e9bergements, activit\u00e9s, moyens de transport, ....).\" \/>\n<meta property=\"og:url\" content=\"https:\/\/voyageraumontenegro.com\/?page_id=5699\" \/>\n<meta property=\"og:site_name\" content=\"Voyager au Mont\u00e9n\u00e9gro\" \/>\n<meta property=\"article:modified_time\" content=\"2026-01-10T09:59:34+00:00\" \/>\n<meta name=\"twitter:card\" content=\"summary_large_image\" \/>\n<meta name=\"twitter:label1\" content=\"Dur\u00e9e de lecture estim\u00e9e\" \/>\n\t<meta name=\"twitter:data1\" content=\"1 minute\" \/>\n<script type=\"application\/ld+json\" class=\"yoast-schema-graph\">{\"@context\":\"https:\/\/schema.org\",\"@graph\":[{\"@type\":\"WebPage\",\"@id\":\"https:\/\/voyageraumontenegro.com\/?page_id=5699\",\"url\":\"https:\/\/voyageraumontenegro.com\/?page_id=5699\",\"name\":\"Raison 1 de l'investissement au Mont\u00e9n\u00e9gro - Voyager au Mont\u00e9n\u00e9gro\",\"isPartOf\":{\"@id\":\"https:\/\/voyageraumontenegro.com\/#website\"},\"datePublished\":\"2026-01-10T09:52:51+00:00\",\"dateModified\":\"2026-01-10T09:59:34+00:00\",\"description\":\"Cr\u00e9e en d\u00e9but d\u2019ann\u00e9e 2018, l\u2019agence est pr\u00eate \u00e0 vous organiser votre s\u00e9jour sur mesure dans le pays, selon vos souhaits et attentes (h\u00e9bergements, activit\u00e9s, moyens de transport, ....).\",\"breadcrumb\":{\"@id\":\"https:\/\/voyageraumontenegro.com\/?page_id=5699#breadcrumb\"},\"inLanguage\":\"fr-FR\",\"potentialAction\":[{\"@type\":\"ReadAction\",\"target\":[\"https:\/\/voyageraumontenegro.com\/?page_id=5699\"]}]},{\"@type\":\"BreadcrumbList\",\"@id\":\"https:\/\/voyageraumontenegro.com\/?page_id=5699#breadcrumb\",\"itemListElement\":[{\"@type\":\"ListItem\",\"position\":1,\"name\":\"Accueil\",\"item\":\"https:\/\/voyageraumontenegro.com\/\"},{\"@type\":\"ListItem\",\"position\":2,\"name\":\"Raison 1 de l&rsquo;investissement au Mont\u00e9n\u00e9gro\"}]},{\"@type\":\"WebSite\",\"@id\":\"https:\/\/voyageraumontenegro.com\/#website\",\"url\":\"https:\/\/voyageraumontenegro.com\/\",\"name\":\"Voyager au Mont\u00e9n\u00e9gro\",\"description\":\"L&#039;agence vous organisera des voyages sur mesure au Mont\u00e9n\u00e9gro, pour satisfaire ainsi vos souhaits et attentes dans le cadre de ce s\u00e9jour\",\"publisher\":{\"@id\":\"https:\/\/voyageraumontenegro.com\/#organization\"},\"potentialAction\":[{\"@type\":\"SearchAction\",\"target\":{\"@type\":\"EntryPoint\",\"urlTemplate\":\"https:\/\/voyageraumontenegro.com\/?s={search_term_string}\"},\"query-input\":{\"@type\":\"PropertyValueSpecification\",\"valueRequired\":true,\"valueName\":\"search_term_string\"}}],\"inLanguage\":\"fr-FR\"},{\"@type\":\"Organization\",\"@id\":\"https:\/\/voyageraumontenegro.com\/#organization\",\"name\":\"Voyager au Mont\u00e9n\u00e9gro\",\"alternateName\":\"Voyager au Mont\u00e9n\u00e9gro\",\"url\":\"https:\/\/voyageraumontenegro.com\/\",\"logo\":{\"@type\":\"ImageObject\",\"inLanguage\":\"fr-FR\",\"@id\":\"https:\/\/voyageraumontenegro.com\/#\/schema\/logo\/image\/\",\"url\":\"https:\/\/voyageraumontenegro.com\/wp-content\/uploads\/2019\/01\/cropped-Capture-e1547613257911.jpg\",\"contentUrl\":\"https:\/\/voyageraumontenegro.com\/wp-content\/uploads\/2019\/01\/cropped-Capture-e1547613257911.jpg\",\"width\":311,\"height\":250,\"caption\":\"Voyager au Mont\u00e9n\u00e9gro\"},\"image\":{\"@id\":\"https:\/\/voyageraumontenegro.com\/#\/schema\/logo\/image\/\"}}]}<\/script>\n<!-- \/ Yoast SEO plugin. -->","yoast_head_json":{"title":"Raison 1 de l'investissement au Mont\u00e9n\u00e9gro - Voyager au Mont\u00e9n\u00e9gro","description":"Cr\u00e9e en d\u00e9but d\u2019ann\u00e9e 2018, l\u2019agence est pr\u00eate \u00e0 vous organiser votre s\u00e9jour sur mesure dans le pays, selon vos souhaits et attentes (h\u00e9bergements, activit\u00e9s, moyens de transport, ....).","robots":{"index":"index","follow":"follow","max-snippet":"max-snippet:-1","max-image-preview":"max-image-preview:large","max-video-preview":"max-video-preview:-1"},"canonical":"https:\/\/voyageraumontenegro.com\/?page_id=5699","og_locale":"fr_FR","og_type":"article","og_title":"Raison 1 de l'investissement au Mont\u00e9n\u00e9gro - Voyager au Mont\u00e9n\u00e9gro","og_description":"Cr\u00e9e en d\u00e9but d\u2019ann\u00e9e 2018, l\u2019agence est pr\u00eate \u00e0 vous organiser votre s\u00e9jour sur mesure dans le pays, selon vos souhaits et attentes (h\u00e9bergements, activit\u00e9s, moyens de transport, ....).","og_url":"https:\/\/voyageraumontenegro.com\/?page_id=5699","og_site_name":"Voyager au Mont\u00e9n\u00e9gro","article_modified_time":"2026-01-10T09:59:34+00:00","twitter_card":"summary_large_image","twitter_misc":{"Dur\u00e9e de lecture estim\u00e9e":"1 minute"},"schema":{"@context":"https:\/\/schema.org","@graph":[{"@type":"WebPage","@id":"https:\/\/voyageraumontenegro.com\/?page_id=5699","url":"https:\/\/voyageraumontenegro.com\/?page_id=5699","name":"Raison 1 de l'investissement au Mont\u00e9n\u00e9gro - Voyager au Mont\u00e9n\u00e9gro","isPartOf":{"@id":"https:\/\/voyageraumontenegro.com\/#website"},"datePublished":"2026-01-10T09:52:51+00:00","dateModified":"2026-01-10T09:59:34+00:00","description":"Cr\u00e9e en d\u00e9but d\u2019ann\u00e9e 2018, l\u2019agence est pr\u00eate \u00e0 vous organiser votre s\u00e9jour sur mesure dans le pays, selon vos souhaits et attentes (h\u00e9bergements, activit\u00e9s, moyens de transport, ....).","breadcrumb":{"@id":"https:\/\/voyageraumontenegro.com\/?page_id=5699#breadcrumb"},"inLanguage":"fr-FR","potentialAction":[{"@type":"ReadAction","target":["https:\/\/voyageraumontenegro.com\/?page_id=5699"]}]},{"@type":"BreadcrumbList","@id":"https:\/\/voyageraumontenegro.com\/?page_id=5699#breadcrumb","itemListElement":[{"@type":"ListItem","position":1,"name":"Accueil","item":"https:\/\/voyageraumontenegro.com\/"},{"@type":"ListItem","position":2,"name":"Raison 1 de l&rsquo;investissement au Mont\u00e9n\u00e9gro"}]},{"@type":"WebSite","@id":"https:\/\/voyageraumontenegro.com\/#website","url":"https:\/\/voyageraumontenegro.com\/","name":"Voyager au Mont\u00e9n\u00e9gro","description":"L&#039;agence vous organisera des voyages sur mesure au Mont\u00e9n\u00e9gro, pour satisfaire ainsi vos souhaits et attentes dans le cadre de ce s\u00e9jour","publisher":{"@id":"https:\/\/voyageraumontenegro.com\/#organization"},"potentialAction":[{"@type":"SearchAction","target":{"@type":"EntryPoint","urlTemplate":"https:\/\/voyageraumontenegro.com\/?s={search_term_string}"},"query-input":{"@type":"PropertyValueSpecification","valueRequired":true,"valueName":"search_term_string"}}],"inLanguage":"fr-FR"},{"@type":"Organization","@id":"https:\/\/voyageraumontenegro.com\/#organization","name":"Voyager au Mont\u00e9n\u00e9gro","alternateName":"Voyager au Mont\u00e9n\u00e9gro","url":"https:\/\/voyageraumontenegro.com\/","logo":{"@type":"ImageObject","inLanguage":"fr-FR","@id":"https:\/\/voyageraumontenegro.com\/#\/schema\/logo\/image\/","url":"https:\/\/voyageraumontenegro.com\/wp-content\/uploads\/2019\/01\/cropped-Capture-e1547613257911.jpg","contentUrl":"https:\/\/voyageraumontenegro.com\/wp-content\/uploads\/2019\/01\/cropped-Capture-e1547613257911.jpg","width":311,"height":250,"caption":"Voyager au Mont\u00e9n\u00e9gro"},"image":{"@id":"https:\/\/voyageraumontenegro.com\/#\/schema\/logo\/image\/"}}]}},"_links":{"self":[{"href":"https:\/\/voyageraumontenegro.com\/index.php?rest_route=\/wp\/v2\/pages\/5699","targetHints":{"allow":["GET"]}}],"collection":[{"href":"https:\/\/voyageraumontenegro.com\/index.php?rest_route=\/wp\/v2\/pages"}],"about":[{"href":"https:\/\/voyageraumontenegro.com\/index.php?rest_route=\/wp\/v2\/types\/page"}],"author":[{"embeddable":true,"href":"https:\/\/voyageraumontenegro.com\/index.php?rest_route=\/wp\/v2\/users\/1"}],"replies":[{"embeddable":true,"href":"https:\/\/voyageraumontenegro.com\/index.php?rest_route=%2Fwp%2Fv2%2Fcomments&post=5699"}],"version-history":[{"count":5,"href":"https:\/\/voyageraumontenegro.com\/index.php?rest_route=\/wp\/v2\/pages\/5699\/revisions"}],"predecessor-version":[{"id":5709,"href":"https:\/\/voyageraumontenegro.com\/index.php?rest_route=\/wp\/v2\/pages\/5699\/revisions\/5709"}],"wp:attachment":[{"href":"https:\/\/voyageraumontenegro.com\/index.php?rest_route=%2Fwp%2Fv2%2Fmedia&parent=5699"}],"curies":[{"name":"wp","href":"https:\/\/api.w.org\/{rel}","templated":true}]}}