{"id":5695,"date":"2026-01-10T10:41:37","date_gmt":"2026-01-10T09:41:37","guid":{"rendered":"https:\/\/voyageraumontenegro.com\/?page_id=5695"},"modified":"2026-01-10T12:08:21","modified_gmt":"2026-01-10T11:08:21","slug":"raisons-de-linvestissement-au-montenegro","status":"publish","type":"page","link":"https:\/\/voyageraumontenegro.com\/?page_id=5695","title":{"rendered":"Raisons de l&rsquo;investissement au Mont\u00e9n\u00e9gro"},"content":{"rendered":"\n<p><strong>Investir dans l&rsquo;immobilier au Mont\u00e9n\u00e9gro plut\u00f4t qu&rsquo;en France pr\u00e9sente plusieurs avantages :<br><\/strong><\/p>\n\n\n\n<p><a href=\"https:\/\/voyageraumontenegro.com\/?page_id=5699\">1. Prix plus abordables<\/a><br><br><a href=\"https:\/\/voyageraumontenegro.com\/?page_id=5705\">2. Fiscalit\u00e9 avantageuse pour les \u00e9trangers et droit \u00e0 la propri\u00e9t\u00e9<\/a><br><br><a href=\"https:\/\/voyageraumontenegro.com\/?page_id=5707\">3. Potentiel de croissance pour les investisseurs<\/a><br><br><a href=\"https:\/\/voyageraumontenegro.com\/?page_id=5712\">4. D\u00e9veloppement touristique important (location saisonni\u00e8re ou pour investissement en r\u00e9sidence secondaire)<\/a><br><br><a href=\"https:\/\/voyageraumontenegro.com\/?page_id=5715\">5. Processus d&rsquo;achat simplifi\u00e9 et plus rapide<\/a><br><br><a href=\"https:\/\/voyageraumontenegro.com\/?page_id=5717\">6. Diversification du portefeuille des investisseurs<\/a><br><br><a href=\"https:\/\/voyageraumontenegro.com\/?page_id=5719\">7. Beaut\u00e9 naturelle, vues imprenables et cadre de vie exceptionnel<\/a><br><\/p>\n\n\n\n<p>En r\u00e9sum\u00e9, investir dans l&rsquo;immobilier au Mont\u00e9n\u00e9gro peut offrir un excellent rapport qualit\u00e9-prix, des avantages fiscaux attrayants, un fort potentiel de croissance et un cadre de vie exceptionnel dans un paysage naturel spectaculaire.<\/p>\n","protected":false},"excerpt":{"rendered":"<p>Investir dans l&rsquo;immobilier au Mont\u00e9n\u00e9gro plut\u00f4t qu&rsquo;en France pr\u00e9sente plusieurs [&hellip;]<\/p>\n","protected":false},"author":1,"featured_media":0,"parent":0,"menu_order":0,"comment_status":"closed","ping_status":"closed","template":"","meta":{"footnotes":""},"class_list":["post-5695","page","type-page","status-publish","hentry"],"yoast_head":"<!-- This site is optimized with the Yoast SEO plugin v26.7 - https:\/\/yoast.com\/wordpress\/plugins\/seo\/ -->\n<title>Raisons de l&#039;investissement au Mont\u00e9n\u00e9gro - Voyager au Mont\u00e9n\u00e9gro<\/title>\n<meta name=\"description\" content=\"Cr\u00e9e en d\u00e9but d\u2019ann\u00e9e 2018, l\u2019agence est pr\u00eate \u00e0 vous organiser votre s\u00e9jour sur mesure dans le pays, selon vos souhaits et attentes (h\u00e9bergements, activit\u00e9s, moyens de transport, ....).\" \/>\n<meta name=\"robots\" content=\"index, follow, max-snippet:-1, max-image-preview:large, max-video-preview:-1\" \/>\n<link rel=\"canonical\" href=\"https:\/\/voyageraumontenegro.com\/?page_id=5695\" \/>\n<meta property=\"og:locale\" content=\"fr_FR\" \/>\n<meta property=\"og:type\" content=\"article\" \/>\n<meta property=\"og:title\" content=\"Raisons de l&#039;investissement au Mont\u00e9n\u00e9gro - Voyager au Mont\u00e9n\u00e9gro\" \/>\n<meta property=\"og:description\" content=\"Cr\u00e9e en d\u00e9but d\u2019ann\u00e9e 2018, l\u2019agence est pr\u00eate \u00e0 vous organiser votre s\u00e9jour sur mesure dans le pays, selon vos souhaits et attentes (h\u00e9bergements, activit\u00e9s, moyens de transport, ....).\" \/>\n<meta property=\"og:url\" content=\"https:\/\/voyageraumontenegro.com\/?page_id=5695\" \/>\n<meta property=\"og:site_name\" content=\"Voyager au Mont\u00e9n\u00e9gro\" \/>\n<meta property=\"article:modified_time\" content=\"2026-01-10T11:08:21+00:00\" \/>\n<meta name=\"twitter:card\" content=\"summary_large_image\" \/>\n<meta name=\"twitter:label1\" content=\"Dur\u00e9e de lecture estim\u00e9e\" \/>\n\t<meta name=\"twitter:data1\" content=\"1 minute\" \/>\n<script type=\"application\/ld+json\" class=\"yoast-schema-graph\">{\"@context\":\"https:\/\/schema.org\",\"@graph\":[{\"@type\":\"WebPage\",\"@id\":\"https:\/\/voyageraumontenegro.com\/?page_id=5695\",\"url\":\"https:\/\/voyageraumontenegro.com\/?page_id=5695\",\"name\":\"Raisons de l'investissement au Mont\u00e9n\u00e9gro - Voyager au Mont\u00e9n\u00e9gro\",\"isPartOf\":{\"@id\":\"https:\/\/voyageraumontenegro.com\/#website\"},\"datePublished\":\"2026-01-10T09:41:37+00:00\",\"dateModified\":\"2026-01-10T11:08:21+00:00\",\"description\":\"Cr\u00e9e en d\u00e9but d\u2019ann\u00e9e 2018, l\u2019agence est pr\u00eate \u00e0 vous organiser votre s\u00e9jour sur mesure dans le pays, selon vos souhaits et attentes (h\u00e9bergements, activit\u00e9s, moyens de transport, ....).\",\"breadcrumb\":{\"@id\":\"https:\/\/voyageraumontenegro.com\/?page_id=5695#breadcrumb\"},\"inLanguage\":\"fr-FR\",\"potentialAction\":[{\"@type\":\"ReadAction\",\"target\":[\"https:\/\/voyageraumontenegro.com\/?page_id=5695\"]}]},{\"@type\":\"BreadcrumbList\",\"@id\":\"https:\/\/voyageraumontenegro.com\/?page_id=5695#breadcrumb\",\"itemListElement\":[{\"@type\":\"ListItem\",\"position\":1,\"name\":\"Accueil\",\"item\":\"https:\/\/voyageraumontenegro.com\/\"},{\"@type\":\"ListItem\",\"position\":2,\"name\":\"Raisons de l&rsquo;investissement au Mont\u00e9n\u00e9gro\"}]},{\"@type\":\"WebSite\",\"@id\":\"https:\/\/voyageraumontenegro.com\/#website\",\"url\":\"https:\/\/voyageraumontenegro.com\/\",\"name\":\"Voyager au Mont\u00e9n\u00e9gro\",\"description\":\"L&#039;agence vous organisera des voyages sur mesure au Mont\u00e9n\u00e9gro, pour satisfaire ainsi vos souhaits et attentes dans le cadre de ce s\u00e9jour\",\"publisher\":{\"@id\":\"https:\/\/voyageraumontenegro.com\/#organization\"},\"potentialAction\":[{\"@type\":\"SearchAction\",\"target\":{\"@type\":\"EntryPoint\",\"urlTemplate\":\"https:\/\/voyageraumontenegro.com\/?s={search_term_string}\"},\"query-input\":{\"@type\":\"PropertyValueSpecification\",\"valueRequired\":true,\"valueName\":\"search_term_string\"}}],\"inLanguage\":\"fr-FR\"},{\"@type\":\"Organization\",\"@id\":\"https:\/\/voyageraumontenegro.com\/#organization\",\"name\":\"Voyager au Mont\u00e9n\u00e9gro\",\"alternateName\":\"Voyager au Mont\u00e9n\u00e9gro\",\"url\":\"https:\/\/voyageraumontenegro.com\/\",\"logo\":{\"@type\":\"ImageObject\",\"inLanguage\":\"fr-FR\",\"@id\":\"https:\/\/voyageraumontenegro.com\/#\/schema\/logo\/image\/\",\"url\":\"https:\/\/voyageraumontenegro.com\/wp-content\/uploads\/2019\/01\/cropped-Capture-e1547613257911.jpg\",\"contentUrl\":\"https:\/\/voyageraumontenegro.com\/wp-content\/uploads\/2019\/01\/cropped-Capture-e1547613257911.jpg\",\"width\":311,\"height\":250,\"caption\":\"Voyager au Mont\u00e9n\u00e9gro\"},\"image\":{\"@id\":\"https:\/\/voyageraumontenegro.com\/#\/schema\/logo\/image\/\"}}]}<\/script>\n<!-- \/ Yoast SEO plugin. -->","yoast_head_json":{"title":"Raisons de l'investissement au Mont\u00e9n\u00e9gro - Voyager au Mont\u00e9n\u00e9gro","description":"Cr\u00e9e en d\u00e9but d\u2019ann\u00e9e 2018, l\u2019agence est pr\u00eate \u00e0 vous organiser votre s\u00e9jour sur mesure dans le pays, selon vos souhaits et attentes (h\u00e9bergements, activit\u00e9s, moyens de transport, ....).","robots":{"index":"index","follow":"follow","max-snippet":"max-snippet:-1","max-image-preview":"max-image-preview:large","max-video-preview":"max-video-preview:-1"},"canonical":"https:\/\/voyageraumontenegro.com\/?page_id=5695","og_locale":"fr_FR","og_type":"article","og_title":"Raisons de l'investissement au Mont\u00e9n\u00e9gro - Voyager au Mont\u00e9n\u00e9gro","og_description":"Cr\u00e9e en d\u00e9but d\u2019ann\u00e9e 2018, l\u2019agence est pr\u00eate \u00e0 vous organiser votre s\u00e9jour sur mesure dans le pays, selon vos souhaits et attentes (h\u00e9bergements, activit\u00e9s, moyens de transport, ....).","og_url":"https:\/\/voyageraumontenegro.com\/?page_id=5695","og_site_name":"Voyager au Mont\u00e9n\u00e9gro","article_modified_time":"2026-01-10T11:08:21+00:00","twitter_card":"summary_large_image","twitter_misc":{"Dur\u00e9e de lecture estim\u00e9e":"1 minute"},"schema":{"@context":"https:\/\/schema.org","@graph":[{"@type":"WebPage","@id":"https:\/\/voyageraumontenegro.com\/?page_id=5695","url":"https:\/\/voyageraumontenegro.com\/?page_id=5695","name":"Raisons de l'investissement au Mont\u00e9n\u00e9gro - Voyager au Mont\u00e9n\u00e9gro","isPartOf":{"@id":"https:\/\/voyageraumontenegro.com\/#website"},"datePublished":"2026-01-10T09:41:37+00:00","dateModified":"2026-01-10T11:08:21+00:00","description":"Cr\u00e9e en d\u00e9but d\u2019ann\u00e9e 2018, l\u2019agence est pr\u00eate \u00e0 vous organiser votre s\u00e9jour sur mesure dans le pays, selon vos souhaits et attentes (h\u00e9bergements, activit\u00e9s, moyens de transport, ....).","breadcrumb":{"@id":"https:\/\/voyageraumontenegro.com\/?page_id=5695#breadcrumb"},"inLanguage":"fr-FR","potentialAction":[{"@type":"ReadAction","target":["https:\/\/voyageraumontenegro.com\/?page_id=5695"]}]},{"@type":"BreadcrumbList","@id":"https:\/\/voyageraumontenegro.com\/?page_id=5695#breadcrumb","itemListElement":[{"@type":"ListItem","position":1,"name":"Accueil","item":"https:\/\/voyageraumontenegro.com\/"},{"@type":"ListItem","position":2,"name":"Raisons de l&rsquo;investissement au Mont\u00e9n\u00e9gro"}]},{"@type":"WebSite","@id":"https:\/\/voyageraumontenegro.com\/#website","url":"https:\/\/voyageraumontenegro.com\/","name":"Voyager au Mont\u00e9n\u00e9gro","description":"L&#039;agence vous organisera des voyages sur mesure au Mont\u00e9n\u00e9gro, pour satisfaire ainsi vos souhaits et attentes dans le cadre de ce s\u00e9jour","publisher":{"@id":"https:\/\/voyageraumontenegro.com\/#organization"},"potentialAction":[{"@type":"SearchAction","target":{"@type":"EntryPoint","urlTemplate":"https:\/\/voyageraumontenegro.com\/?s={search_term_string}"},"query-input":{"@type":"PropertyValueSpecification","valueRequired":true,"valueName":"search_term_string"}}],"inLanguage":"fr-FR"},{"@type":"Organization","@id":"https:\/\/voyageraumontenegro.com\/#organization","name":"Voyager au Mont\u00e9n\u00e9gro","alternateName":"Voyager au Mont\u00e9n\u00e9gro","url":"https:\/\/voyageraumontenegro.com\/","logo":{"@type":"ImageObject","inLanguage":"fr-FR","@id":"https:\/\/voyageraumontenegro.com\/#\/schema\/logo\/image\/","url":"https:\/\/voyageraumontenegro.com\/wp-content\/uploads\/2019\/01\/cropped-Capture-e1547613257911.jpg","contentUrl":"https:\/\/voyageraumontenegro.com\/wp-content\/uploads\/2019\/01\/cropped-Capture-e1547613257911.jpg","width":311,"height":250,"caption":"Voyager au Mont\u00e9n\u00e9gro"},"image":{"@id":"https:\/\/voyageraumontenegro.com\/#\/schema\/logo\/image\/"}}]}},"_links":{"self":[{"href":"https:\/\/voyageraumontenegro.com\/index.php?rest_route=\/wp\/v2\/pages\/5695","targetHints":{"allow":["GET"]}}],"collection":[{"href":"https:\/\/voyageraumontenegro.com\/index.php?rest_route=\/wp\/v2\/pages"}],"about":[{"href":"https:\/\/voyageraumontenegro.com\/index.php?rest_route=\/wp\/v2\/types\/page"}],"author":[{"embeddable":true,"href":"https:\/\/voyageraumontenegro.com\/index.php?rest_route=\/wp\/v2\/users\/1"}],"replies":[{"embeddable":true,"href":"https:\/\/voyageraumontenegro.com\/index.php?rest_route=%2Fwp%2Fv2%2Fcomments&post=5695"}],"version-history":[{"count":6,"href":"https:\/\/voyageraumontenegro.com\/index.php?rest_route=\/wp\/v2\/pages\/5695\/revisions"}],"predecessor-version":[{"id":5732,"href":"https:\/\/voyageraumontenegro.com\/index.php?rest_route=\/wp\/v2\/pages\/5695\/revisions\/5732"}],"wp:attachment":[{"href":"https:\/\/voyageraumontenegro.com\/index.php?rest_route=%2Fwp%2Fv2%2Fmedia&parent=5695"}],"curies":[{"name":"wp","href":"https:\/\/api.w.org\/{rel}","templated":true}]}}